{"id":60840,"date":"2026-02-12T13:30:11","date_gmt":"2026-02-12T13:30:11","guid":{"rendered":"https:\/\/kraftfinans.no\/german-investors-sdfr\/"},"modified":"2026-02-13T12:01:31","modified_gmt":"2026-02-13T12:01:31","slug":"german-investors-sdfr","status":"publish","type":"page","link":"https:\/\/kraftfinans.no\/en\/german-investors-sdfr\/","title":{"rendered":"German Investors SDFR"},"content":{"rendered":"\t\t<div data-elementor-type=\"wp-page\" data-elementor-id=\"60840\" class=\"elementor elementor-60840 elementor-60804\" data-elementor-post-type=\"page\">\n\t\t\t\t<div data-dce-background-image-url=\"https:\/\/kraftfinans.no\/wp-content\/uploads\/2026\/02\/kraft_finans_german_investors_01.jpg\" class=\"elementor-element elementor-element-8e855aa e-flex e-con-boxed e-con e-parent\" data-id=\"8e855aa\" data-element_type=\"container\" data-e-type=\"container\" data-settings=\"{&quot;background_background&quot;:&quot;classic&quot;}\">\n\t\t\t\t\t<div class=\"e-con-inner\">\n\t\t\t\t\t<\/div>\n\t\t\t\t<\/div>\n\t\t<div class=\"elementor-element elementor-element-1771eca e-flex e-con-boxed e-con e-parent\" data-id=\"1771eca\" data-element_type=\"container\" data-e-type=\"container\">\n\t\t\t\t\t<div class=\"e-con-inner\">\n\t\t\t\t<div class=\"elementor-element elementor-element-21d708ba elementor-widget elementor-widget-text-editor\" data-id=\"21d708ba\" data-element_type=\"widget\" data-e-type=\"widget\" data-widget_type=\"text-editor.default\">\n\t\t\t\t<div class=\"elementor-widget-container\">\n\t\t\t\t\t\t\t\t\t\n<p><strong>SFDR-Offenlegung \u2013 Artikel 6<\/strong><br><em>(Website \u2013 Deutsch)<\/em><\/p>\n\n\n\n<p><strong>Offenlegung gem\u00e4\u00df Artikel 6 der Verordnung (EU) 2019\/2088 (SFDR)<\/strong><br>Dieses Finanzprodukt f\u00e4llt unter Artikel 6 der Verordnung (EU) 2019\/2088 \u00fcber nachhaltigkeitsbezogene Offenlegungspflichten im Finanzdienstleistungssektor (\u201eSFDR\u201c).<\/p>\n\n\n\n<p>Nachhaltigkeitsrisiken sind Ereignisse oder Bedingungen aus den Bereichen Umwelt, Soziales oder Unternehmensf\u00fchrung (ESG), deren Eintreten tats\u00e4chliche oder potenzielle wesentliche negative Auswirkungen auf den Wert einer Investition haben k\u00f6nnten.<\/p>\n\n\n\n<p>Der Investmentmanager ber\u00fccksichtigt Nachhaltigkeitsrisiken im Rahmen des allgemeinen Investmentprozesses, insbesondere bei der Analyse von Emittenten und der Auswahl von Investitionen, soweit diese Risiken als finanziell wesentlich eingesch\u00e4tzt werden. Dennoch kann nicht ausgeschlossen werden, dass Nachhaltigkeitsrisiken einen negativen Einfluss auf die Wertentwicklung des Finanzprodukts haben.<\/p>\n\n\n\n<p>Dieses Finanzprodukt verfolgt keine nachhaltigen Investitionsziele im Sinne von Artikel 9 der SFDR und bewirbt keine \u00f6kologischen oder sozialen Merkmale im Sinne von Artikel 8 der SFDR. Investitionsentscheidungen ber\u00fccksichtigen daher keine EU-Kriterien f\u00fcr \u00f6kologisch nachhaltige Wirtschaftsaktivit\u00e4ten im Sinne der Verordnung (EU) 2020\/852 (\u201eTaxonomie-Verordnung\u201c).<\/p>\n\n\n\n<p><\/p>\n\n\n\n<hr class=\"wp-block-separator has-alpha-channel-opacity\"\/>\n\n\n\n<p><strong>Regulatorischer Disclaimer \u2013 Marketing in Deutschland<\/strong><br><em>(Website \u2013 Deutsch)<\/em><\/p>\n\n\n\n<p><strong>Rechtlicher Hinweis \/ Disclaimer<\/strong><br>Diese Website dient ausschlie\u00dflich Informationszwecken und stellt weder ein Angebot noch eine Aufforderung zum Kauf oder Verkauf von Finanzinstrumenten dar. Die enthaltenen Informationen stellen keine Anlageberatung, Anlageempfehlung oder sonstige individuelle Beratung dar.<\/p>\n\n\n\n<p>Die auf dieser Website beschriebenen Fonds sind ausschlie\u00dflich f\u00fcr professionelle Anleger im Sinne der Richtlinie 2014\/65\/EU (MiFID II) bestimmt. Die Informationen richten sich nicht an Privatanleger.<\/p>\n\n\n\n<p>Investitionen in Fonds sind mit Risiken verbunden. Der Wert einer Anlage kann sowohl steigen als auch fallen, und es besteht das Risiko eines vollst\u00e4ndigen Verlusts des eingesetzten Kapitals. Die vergangene Wertentwicklung ist kein verl\u00e4sslicher Indikator f\u00fcr zuk\u00fcnftige Ergebnisse.<\/p>\n\n\n\n<p>Vor einer Investitionsentscheidung sollten Anleger den jeweils g\u00fcltigen Verkaufsprospekt, das Basisinformationsblatt (KID\/KIID) sowie die aktuellen Jahres- und Halbjahresberichte sorgf\u00e4ltig lesen. Diese Unterlagen sind kostenlos bei der Verwaltungsgesellschaft oder dem Investmentmanager erh\u00e4ltlich.<\/p>\n\n\n\n<p>Die Verbreitung der auf dieser Website enthaltenen Informationen kann in bestimmten Rechtsordnungen gesetzlichen Beschr\u00e4nkungen unterliegen. Personen, die Zugriff auf diese Website haben, sind verpflichtet, sich \u00fcber etwaige Beschr\u00e4nkungen zu informieren und diese einzuhalten.<\/p>\n\n\n\n<p><\/p>\n\t\t\t\t\t\t\t\t<\/div>\n\t\t\t\t<\/div>\n\t\t\t\t\t<\/div>\n\t\t\t\t<\/div>\n\t\t\t\t<\/div>\n\t\t","protected":false},"excerpt":{"rendered":"<p>SFDR-Offenlegung \u2013 Artikel 6(Website \u2013 Deutsch) Offenlegung gem\u00e4\u00df Artikel 6 der Verordnung (EU) 2019\/2088 (SFDR)Dieses Finanzprodukt f\u00e4llt unter Artikel 6 der Verordnung (EU) 2019\/2088 \u00fcber nachhaltigkeitsbezogene Offenlegungspflichten im Finanzdienstleistungssektor (\u201eSFDR\u201c). Nachhaltigkeitsrisiken sind Ereignisse oder Bedingungen aus den Bereichen Umwelt, Soziales oder Unternehmensf\u00fchrung (ESG), deren Eintreten tats\u00e4chliche oder potenzielle wesentliche negative Auswirkungen auf den Wert einer [&hellip;]<\/p>\n","protected":false},"author":3,"featured_media":0,"parent":0,"menu_order":0,"comment_status":"closed","ping_status":"closed","template":"","meta":{"_acf_changed":false,"content-type":"","footnotes":""},"class_list":["post-60840","page","type-page","status-publish","hentry"],"acf":[],"_links":{"self":[{"href":"https:\/\/kraftfinans.no\/en\/wp-json\/wp\/v2\/pages\/60840","targetHints":{"allow":["GET"]}}],"collection":[{"href":"https:\/\/kraftfinans.no\/en\/wp-json\/wp\/v2\/pages"}],"about":[{"href":"https:\/\/kraftfinans.no\/en\/wp-json\/wp\/v2\/types\/page"}],"author":[{"embeddable":true,"href":"https:\/\/kraftfinans.no\/en\/wp-json\/wp\/v2\/users\/3"}],"replies":[{"embeddable":true,"href":"https:\/\/kraftfinans.no\/en\/wp-json\/wp\/v2\/comments?post=60840"}],"version-history":[{"count":1,"href":"https:\/\/kraftfinans.no\/en\/wp-json\/wp\/v2\/pages\/60840\/revisions"}],"predecessor-version":[{"id":60862,"href":"https:\/\/kraftfinans.no\/en\/wp-json\/wp\/v2\/pages\/60840\/revisions\/60862"}],"wp:attachment":[{"href":"https:\/\/kraftfinans.no\/en\/wp-json\/wp\/v2\/media?parent=60840"}],"curies":[{"name":"wp","href":"https:\/\/api.w.org\/{rel}","templated":true}]}}