{"id":59293,"date":"2023-08-03T07:29:38","date_gmt":"2023-08-03T07:29:38","guid":{"rendered":"https:\/\/kraftfinans.no\/nyheter\/"},"modified":"2025-11-11T11:53:45","modified_gmt":"2025-11-11T11:53:45","slug":"nyheter","status":"publish","type":"page","link":"https:\/\/kraftfinans.no\/sv\/nyheter\/","title":{"rendered":"Nyheter"},"content":{"rendered":"\t\t<div data-elementor-type=\"wp-page\" data-elementor-id=\"59293\" class=\"elementor elementor-59293 elementor-56202\" data-elementor-post-type=\"page\">\n\t\t\t\t<div class=\"elementor-element elementor-element-cf81b30 e-flex e-con-boxed e-con e-parent\" data-id=\"cf81b30\" data-element_type=\"container\" data-e-type=\"container\">\n\t\t\t\t\t<div class=\"e-con-inner\">\n\t\t\t\t<div data-dce-text-color=\"#c0b198\" class=\"elementor-element elementor-element-6a5cb7c elementor-hidden-mobile elementor-widget elementor-widget-global elementor-global-59657 elementor-global-1710 elementor-widget-breadcrumbs\" data-id=\"6a5cb7c\" data-element_type=\"widget\" data-e-type=\"widget\" data-widget_type=\"breadcrumbs.default\">\n\t\t\t\t<div class=\"elementor-widget-container\">\n\t\t\t\t\t<nav aria-label=\"breadcrumbs\" class=\"rank-math-breadcrumb\"><p><span class=\"last\">Hem<\/span><\/p><\/nav>\t\t\t\t<\/div>\n\t\t\t\t<\/div>\n\t\t\t\t<div class=\"elementor-element elementor-element-537f79e elementor-widget elementor-widget-heading\" data-id=\"537f79e\" data-element_type=\"widget\" data-e-type=\"widget\" data-widget_type=\"heading.default\">\n\t\t\t\t<div class=\"elementor-widget-container\">\n\t\t\t\t\t<h1 class=\"elementor-heading-title elementor-size-default\">NYHETSARKIV<\/h1>\t\t\t\t<\/div>\n\t\t\t\t<\/div>\n\t\t\t\t\t<\/div>\n\t\t\t\t<\/div>\n\t\t<div class=\"elementor-element elementor-element-c8325f9 e-flex e-con-boxed e-con e-parent\" data-id=\"c8325f9\" data-element_type=\"container\" data-e-type=\"container\">\n\t\t\t\t\t<div class=\"e-con-inner\">\n\t\t\t\t<div class=\"elementor-element elementor-element-4dd68da elementor-hidden-desktop elementor-hidden-tablet elementor-hidden-mobile elementor-grid-3 elementor-grid-tablet-2 elementor-grid-mobile-1 elementor-posts--thumbnail-top elementor-widget elementor-widget-archive-posts\" data-id=\"4dd68da\" data-element_type=\"widget\" data-e-type=\"widget\" data-settings=\"{&quot;archive_classic_row_gap&quot;:{&quot;unit&quot;:&quot;px&quot;,&quot;size&quot;:60,&quot;sizes&quot;:[]},&quot;archive_classic_columns&quot;:&quot;3&quot;,&quot;archive_classic_columns_tablet&quot;:&quot;2&quot;,&quot;archive_classic_columns_mobile&quot;:&quot;1&quot;,&quot;archive_classic_row_gap_tablet&quot;:{&quot;unit&quot;:&quot;px&quot;,&quot;size&quot;:&quot;&quot;,&quot;sizes&quot;:[]},&quot;archive_classic_row_gap_mobile&quot;:{&quot;unit&quot;:&quot;px&quot;,&quot;size&quot;:&quot;&quot;,&quot;sizes&quot;:[]},&quot;pagination_type&quot;:&quot;numbers&quot;}\" data-widget_type=\"archive-posts.archive_classic\">\n\t\t\t\t<div class=\"elementor-widget-container\">\n\t\t\t\t\t\t\t<div class=\"elementor-posts-container elementor-posts elementor-posts--skin-classic elementor-grid\" role=\"list\">\n\t\t\t\t\t\t<div class=\"elementor-posts-nothing-found\">\n\t\t\t\t\tVi hittar inte det du letar efter\t\t\t\t<\/div>\n\t\t\t\t\t<\/div>\n\t\t\n\t\t\t\t\t\t<\/div>\n\t\t\t\t<\/div>\n\t\t\t\t<div class=\"elementor-element elementor-element-d9a867e elementor-grid-3 elementor-grid-tablet-2 elementor-grid-mobile-1 elementor-posts--thumbnail-top elementor-widget elementor-widget-posts\" data-id=\"d9a867e\" data-element_type=\"widget\" data-e-type=\"widget\" data-settings=\"{&quot;pagination_type&quot;:&quot;numbers&quot;,&quot;classic_columns&quot;:&quot;3&quot;,&quot;classic_columns_tablet&quot;:&quot;2&quot;,&quot;classic_columns_mobile&quot;:&quot;1&quot;,&quot;classic_row_gap&quot;:{&quot;unit&quot;:&quot;px&quot;,&quot;size&quot;:35,&quot;sizes&quot;:[]},&quot;classic_row_gap_tablet&quot;:{&quot;unit&quot;:&quot;px&quot;,&quot;size&quot;:&quot;&quot;,&quot;sizes&quot;:[]},&quot;classic_row_gap_mobile&quot;:{&quot;unit&quot;:&quot;px&quot;,&quot;size&quot;:&quot;&quot;,&quot;sizes&quot;:[]}}\" data-widget_type=\"posts.classic\">\n\t\t\t\t<div class=\"elementor-widget-container\">\n\t\t\t\t\t\t\t<div class=\"elementor-posts-container elementor-posts elementor-posts--skin-classic elementor-grid\" role=\"list\">\n\t\t\t\t<article class=\"elementor-post elementor-grid-item post-61253 post type-post status-publish format-standard has-post-thumbnail hentry category-allmanna-nyheter\" role=\"listitem\">\n\t\t\t\t<a class=\"elementor-post__thumbnail__link\" href=\"https:\/\/kraftfinans.no\/sv\/uppdatering-av-marknaden\/\" tabindex=\"-1\" >\n\t\t\t<div class=\"elementor-post__thumbnail\"><img fetchpriority=\"high\" decoding=\"async\" width=\"800\" height=\"450\" src=\"https:\/\/kraftfinans.no\/wp-content\/uploads\/2026\/03\/markedsoppdatering-bilde-briller-1024x576.jpg\" class=\"attachment-large size-large wp-image-61251\" alt=\"Kraft Finans -\" srcset=\"https:\/\/kraftfinans.no\/wp-content\/uploads\/2026\/03\/markedsoppdatering-bilde-briller-1024x576.jpg 1024w, https:\/\/kraftfinans.no\/wp-content\/uploads\/2026\/03\/markedsoppdatering-bilde-briller-300x169.jpg 300w, https:\/\/kraftfinans.no\/wp-content\/uploads\/2026\/03\/markedsoppdatering-bilde-briller-768x432.jpg 768w, https:\/\/kraftfinans.no\/wp-content\/uploads\/2026\/03\/markedsoppdatering-bilde-briller.jpg 1366w\" sizes=\"(max-width: 800px) 100vw, 800px\" \/><\/div>\n\t\t<\/a>\n\t\t\t\t<div class=\"elementor-post__text\">\n\t\t\t\t<h3 class=\"elementor-post__title\">\n\t\t\t<a href=\"https:\/\/kraftfinans.no\/sv\/uppdatering-av-marknaden\/\" >\n\t\t\t\tUppdatering av marknaden\t\t\t<\/a>\n\t\t<\/h3>\n\t\t\t\t<div class=\"elementor-post__meta-data\">\n\t\t\t\t\t<span class=\"elementor-post-date\">\n\t\t\t2 mars 2026\t\t<\/span>\n\t\t\t\t<\/div>\n\t\t\t\t<div class=\"elementor-post__excerpt\">\n\t\t\t<p>Oroligheterna i Mellan\u00f6stern pr\u00e4glar nyhetsfl\u00f6det och p\u00e5verkar marknaderna. Nedan f\u00f6ljer v\u00e5r kortfattade bed\u00f6mning av situationen. &nbsp; Den senaste tidens utveckling i Mellan\u00f6stern har \u00e5terigen p\u00e5mint oss om hur snabbt geopolitiken kan f\u00f6r\u00e4ndras och hur s\u00e5dana h\u00e4ndelser kan skapa oro p\u00e5 de globala finansmarknaderna. Konflikten har lett till \u00f6kad os\u00e4kerhet kring energif\u00f6rs\u00f6rjning, handelsv\u00e4gar<\/p>\n\t\t<\/div>\n\t\t\n\t\t<a class=\"elementor-post__read-more\" href=\"https:\/\/kraftfinans.no\/sv\/uppdatering-av-marknaden\/\" aria-label=\"L\u00e4s mer om Uppdatering av marknaden\" tabindex=\"-1\" >\n\t\t\tL\u00c4S MER\t\t<\/a>\n\n\t\t\t\t<\/div>\n\t\t\t\t<\/article>\n\t\t\t\t<article class=\"elementor-post elementor-grid-item post-61320 post type-post status-publish format-standard has-post-thumbnail hentry category-allmanna-nyheter\" role=\"listitem\">\n\t\t\t\t<a class=\"elementor-post__thumbnail__link\" href=\"https:\/\/kraftfinans.no\/sv\/forte-fonder-blir-kraft-fonder\/\" tabindex=\"-1\" >\n\t\t\t<div class=\"elementor-post__thumbnail\"><img decoding=\"async\" width=\"800\" height=\"442\" src=\"https:\/\/kraftfinans.no\/wp-content\/uploads\/2026\/02\/sandnes-e1772185052730.jpg\" class=\"attachment-large size-large wp-image-61319\" alt=\"Kraft Finans -\" srcset=\"https:\/\/kraftfinans.no\/wp-content\/uploads\/2026\/02\/sandnes-e1772185052730.jpg 1000w, https:\/\/kraftfinans.no\/wp-content\/uploads\/2026\/02\/sandnes-e1772185052730-300x166.jpg 300w, https:\/\/kraftfinans.no\/wp-content\/uploads\/2026\/02\/sandnes-e1772185052730-768x424.jpg 768w\" sizes=\"(max-width: 800px) 100vw, 800px\" \/><\/div>\n\t\t<\/a>\n\t\t\t\t<div class=\"elementor-post__text\">\n\t\t\t\t<h3 class=\"elementor-post__title\">\n\t\t\t<a href=\"https:\/\/kraftfinans.no\/sv\/forte-fonder-blir-kraft-fonder\/\" >\n\t\t\t\tForte-fonder blir Kraft-fonder\t\t\t<\/a>\n\t\t<\/h3>\n\t\t\t\t<div class=\"elementor-post__meta-data\">\n\t\t\t\t\t<span class=\"elementor-post-date\">\n\t\t\t1 mars 2026\t\t<\/span>\n\t\t\t\t<\/div>\n\t\t\t\t<div class=\"elementor-post__excerpt\">\n\t\t\t<p>Som en del av v\u00e5r \u00f6vergripande varum\u00e4rkesstrategi samlas Forte-fonderna nu under namnet Kraft. Detta inneb\u00e4r att: Forte Obligasjon blir Kraft Obligasjon Forte Norge blir Kraft Norge Forte Strategisk blir Kraft Strategisk Namnbytet \u00e4r ett viktigt steg i vidareutvecklingen av Kraft som fondakt\u00f6r och tydligg\u00f6r kopplingen mellan fonderna och f\u00f6rvaltningsmilj\u00f6n i Kraft Finans.<\/p>\n\t\t<\/div>\n\t\t\n\t\t<a class=\"elementor-post__read-more\" href=\"https:\/\/kraftfinans.no\/sv\/forte-fonder-blir-kraft-fonder\/\" aria-label=\"L\u00e4s mer om Forte-fonder blir Kraft-fonder\" tabindex=\"-1\" >\n\t\t\tL\u00c4S MER\t\t<\/a>\n\n\t\t\t\t<\/div>\n\t\t\t\t<\/article>\n\t\t\t\t<article class=\"elementor-post elementor-grid-item post-61313 post type-post status-publish format-standard has-post-thumbnail hentry category-allmanna-nyheter\" role=\"listitem\">\n\t\t\t\t<a class=\"elementor-post__thumbnail__link\" href=\"https:\/\/kraftfinans.no\/sv\/vara-fonder-byter-namn\/\" tabindex=\"-1\" >\n\t\t\t<div class=\"elementor-post__thumbnail\"><img decoding=\"async\" width=\"800\" height=\"344\" src=\"https:\/\/kraftfinans.no\/wp-content\/uploads\/2026\/03\/Skjermbilde-2026-03-03-kl.-18.55.28-1024x440.jpg\" class=\"attachment-large size-large wp-image-61310\" alt=\"Kraft Finans -\" srcset=\"https:\/\/kraftfinans.no\/wp-content\/uploads\/2026\/03\/Skjermbilde-2026-03-03-kl.-18.55.28-1024x440.jpg 1024w, https:\/\/kraftfinans.no\/wp-content\/uploads\/2026\/03\/Skjermbilde-2026-03-03-kl.-18.55.28-300x129.jpg 300w, https:\/\/kraftfinans.no\/wp-content\/uploads\/2026\/03\/Skjermbilde-2026-03-03-kl.-18.55.28-768x330.jpg 768w, https:\/\/kraftfinans.no\/wp-content\/uploads\/2026\/03\/Skjermbilde-2026-03-03-kl.-18.55.28.jpg 1202w\" sizes=\"(max-width: 800px) 100vw, 800px\" \/><\/div>\n\t\t<\/a>\n\t\t\t\t<div class=\"elementor-post__text\">\n\t\t\t\t<h3 class=\"elementor-post__title\">\n\t\t\t<a href=\"https:\/\/kraftfinans.no\/sv\/vara-fonder-byter-namn\/\" >\n\t\t\t\tV\u00e5ra fonder byter namn\t\t\t<\/a>\n\t\t<\/h3>\n\t\t\t\t<div class=\"elementor-post__meta-data\">\n\t\t\t\t\t<span class=\"elementor-post-date\">\n\t\t\t1 mars 2026\t\t<\/span>\n\t\t\t\t<\/div>\n\t\t\t\t<div class=\"elementor-post__excerpt\">\n\t\t\t<p>Kraft Finans tar ett nytt steg i v\u00e5r expansion. Som ett led i v\u00e5r internationella satsning byter tv\u00e5 av v\u00e5ra fonder namn. Kraft H\u00f8yrente blir Kraft High Yield Kraft Nordic Bonds blir Kraft Corporate Bonds Namnbytet speglar det faktum att vi nu expanderar till b\u00e5de den svenska och den tyska marknaden. Med<\/p>\n\t\t<\/div>\n\t\t\n\t\t<a class=\"elementor-post__read-more\" href=\"https:\/\/kraftfinans.no\/sv\/vara-fonder-byter-namn\/\" aria-label=\"L\u00e4s mer om V\u00e5ra fonder byter namn\" tabindex=\"-1\" >\n\t\t\tL\u00c4S MER\t\t<\/a>\n\n\t\t\t\t<\/div>\n\t\t\t\t<\/article>\n\t\t\t\t<article class=\"elementor-post elementor-grid-item post-60584 post type-post status-publish format-standard has-post-thumbnail hentry category-allmanna-nyheter\" role=\"listitem\">\n\t\t\t\t<a class=\"elementor-post__thumbnail__link\" href=\"https:\/\/kraftfinans.no\/sv\/kraft-finans-oppnar-sitt-forsta-utlandskontor-etablerar-sig-i-stockholm\/\" tabindex=\"-1\" >\n\t\t\t<div class=\"elementor-post__thumbnail\"><img loading=\"lazy\" decoding=\"async\" width=\"800\" height=\"534\" src=\"https:\/\/kraftfinans.no\/wp-content\/uploads\/2026\/02\/Kraft-Finans-24-1024x683.jpg\" class=\"attachment-large size-large wp-image-60583\" alt=\"Kraft Finans -\" srcset=\"https:\/\/kraftfinans.no\/wp-content\/uploads\/2026\/02\/Kraft-Finans-24-1024x683.jpg 1024w, https:\/\/kraftfinans.no\/wp-content\/uploads\/2026\/02\/Kraft-Finans-24-300x200.jpg 300w, https:\/\/kraftfinans.no\/wp-content\/uploads\/2026\/02\/Kraft-Finans-24-768x512.jpg 768w, https:\/\/kraftfinans.no\/wp-content\/uploads\/2026\/02\/Kraft-Finans-24-1536x1024.jpg 1536w, https:\/\/kraftfinans.no\/wp-content\/uploads\/2026\/02\/Kraft-Finans-24.jpg 1920w\" sizes=\"(max-width: 800px) 100vw, 800px\" \/><\/div>\n\t\t<\/a>\n\t\t\t\t<div class=\"elementor-post__text\">\n\t\t\t\t<h3 class=\"elementor-post__title\">\n\t\t\t<a href=\"https:\/\/kraftfinans.no\/sv\/kraft-finans-oppnar-sitt-forsta-utlandskontor-etablerar-sig-i-stockholm\/\" >\n\t\t\t\tKraft Finans \u00f6ppnar sitt f\u00f6rsta utlandskontor &#8211; etablerar sig i Stockholm\t\t\t<\/a>\n\t\t<\/h3>\n\t\t\t\t<div class=\"elementor-post__meta-data\">\n\t\t\t\t\t<span class=\"elementor-post-date\">\n\t\t\t5 februari 2026\t\t<\/span>\n\t\t\t\t<\/div>\n\t\t\t\t<div class=\"elementor-post__excerpt\">\n\t\t\t<p>Kraft Finans tar ett historiskt steg och \u00f6ppnar sitt f\u00f6rsta kontor utanf\u00f6r Norge. 29. januari markerade den officiella \u00f6ppningen av bolagets nya kontor i Stockholm, bel\u00e4get p\u00e5 Strandv\u00e4gen 7A. Etableringen \u00e4r det f\u00f6rsta steget i Kraft Finans satsning p\u00e5 den europeiska marknaden. Stockholmskontoret blir ett viktigt komplement till Kraft Finans befintliga kontor<\/p>\n\t\t<\/div>\n\t\t\n\t\t<a class=\"elementor-post__read-more\" href=\"https:\/\/kraftfinans.no\/sv\/kraft-finans-oppnar-sitt-forsta-utlandskontor-etablerar-sig-i-stockholm\/\" aria-label=\"L\u00e4s mer om Kraft Finans \u00f6ppnar sitt f\u00f6rsta utlandskontor &#8211; etablerar sig i Stockholm\" tabindex=\"-1\" >\n\t\t\tL\u00c4S MER\t\t<\/a>\n\n\t\t\t\t<\/div>\n\t\t\t\t<\/article>\n\t\t\t\t<article class=\"elementor-post elementor-grid-item post-60447 post type-post status-publish format-standard has-post-thumbnail hentry category-allmanna-nyheter\" role=\"listitem\">\n\t\t\t\t<a class=\"elementor-post__thumbnail__link\" href=\"https:\/\/kraftfinans.no\/sv\/julhalsningar-fran-kraft-finans\/\" tabindex=\"-1\" >\n\t\t\t<div class=\"elementor-post__thumbnail\"><img loading=\"lazy\" decoding=\"async\" width=\"800\" height=\"534\" src=\"https:\/\/kraftfinans.no\/wp-content\/uploads\/2025\/12\/ChatGPT-Image-22.-des.-2025-13_09_57-1024x683.jpg\" class=\"attachment-large size-large wp-image-60446\" alt=\"Kraft Finans -\" srcset=\"https:\/\/kraftfinans.no\/wp-content\/uploads\/2025\/12\/ChatGPT-Image-22.-des.-2025-13_09_57-1024x683.jpg 1024w, https:\/\/kraftfinans.no\/wp-content\/uploads\/2025\/12\/ChatGPT-Image-22.-des.-2025-13_09_57-300x200.jpg 300w, https:\/\/kraftfinans.no\/wp-content\/uploads\/2025\/12\/ChatGPT-Image-22.-des.-2025-13_09_57-768x512.jpg 768w, https:\/\/kraftfinans.no\/wp-content\/uploads\/2025\/12\/ChatGPT-Image-22.-des.-2025-13_09_57.jpg 1536w\" sizes=\"(max-width: 800px) 100vw, 800px\" \/><\/div>\n\t\t<\/a>\n\t\t\t\t<div class=\"elementor-post__text\">\n\t\t\t\t<h3 class=\"elementor-post__title\">\n\t\t\t<a href=\"https:\/\/kraftfinans.no\/sv\/julhalsningar-fran-kraft-finans\/\" >\n\t\t\t\tJulh\u00e4lsningar fr\u00e5n Kraft Finans\t\t\t<\/a>\n\t\t<\/h3>\n\t\t\t\t<div class=\"elementor-post__meta-data\">\n\t\t\t\t\t<span class=\"elementor-post-date\">\n\t\t\t23 december 2025\t\t<\/span>\n\t\t\t\t<\/div>\n\t\t\t\t<div class=\"elementor-post__excerpt\">\n\t\t\t<p>Det \u00e5r som nu g\u00e5r mot sitt slut har varit \u00e4nnu ett historiskt \u00e5r f\u00f6r Kraft Finans. Under 2025 har vi \u00e5terigen slagit nya rekord, b\u00e5de vad g\u00e4ller tillv\u00e4xt av nya kunder och en rekordstor \u00f6kning av f\u00f6rvaltat kapital (AUM). Utvecklingen bekr\u00e4ftar det starka f\u00f6rtroende som befintliga och nya kunder har f\u00f6r<\/p>\n\t\t<\/div>\n\t\t\n\t\t<a class=\"elementor-post__read-more\" href=\"https:\/\/kraftfinans.no\/sv\/julhalsningar-fran-kraft-finans\/\" aria-label=\"L\u00e4s mer om Julh\u00e4lsningar fr\u00e5n Kraft Finans\" tabindex=\"-1\" >\n\t\t\tL\u00c4S MER\t\t<\/a>\n\n\t\t\t\t<\/div>\n\t\t\t\t<\/article>\n\t\t\t\t<article class=\"elementor-post elementor-grid-item post-60314 post type-post status-publish format-standard has-post-thumbnail hentry category-allmanna-nyheter\" role=\"listitem\">\n\t\t\t\t<a class=\"elementor-post__thumbnail__link\" href=\"https:\/\/kraftfinans.no\/sv\/vi-starker-var-investering-i-kraftfonderna-stein-svalestad-ny-vd\/\" tabindex=\"-1\" >\n\t\t\t<div class=\"elementor-post__thumbnail\"><img loading=\"lazy\" decoding=\"async\" width=\"800\" height=\"600\" src=\"https:\/\/kraftfinans.no\/wp-content\/uploads\/2025\/09\/IMG_8566-1024x768.jpg\" class=\"attachment-large size-large wp-image-60315\" alt=\"Kraft Finans -\" srcset=\"https:\/\/kraftfinans.no\/wp-content\/uploads\/2025\/09\/IMG_8566-1024x768.jpg 1024w, https:\/\/kraftfinans.no\/wp-content\/uploads\/2025\/09\/IMG_8566-300x225.jpg 300w, https:\/\/kraftfinans.no\/wp-content\/uploads\/2025\/09\/IMG_8566-768x576.jpg 768w, https:\/\/kraftfinans.no\/wp-content\/uploads\/2025\/09\/IMG_8566-1536x1152.jpg 1536w, https:\/\/kraftfinans.no\/wp-content\/uploads\/2025\/09\/IMG_8566.jpg 1707w\" sizes=\"(max-width: 800px) 100vw, 800px\" \/><\/div>\n\t\t<\/a>\n\t\t\t\t<div class=\"elementor-post__text\">\n\t\t\t\t<h3 class=\"elementor-post__title\">\n\t\t\t<a href=\"https:\/\/kraftfinans.no\/sv\/vi-starker-var-investering-i-kraftfonderna-stein-svalestad-ny-vd\/\" >\n\t\t\t\tVi st\u00e4rker v\u00e5r investering i Kraftfonderna \u2013 Stein Svalestad ny VD\t\t\t<\/a>\n\t\t<\/h3>\n\t\t\t\t<div class=\"elementor-post__meta-data\">\n\t\t\t\t\t<span class=\"elementor-post-date\">\n\t\t\t3 september 2025\t\t<\/span>\n\t\t\t\t<\/div>\n\t\t\t\t<div class=\"elementor-post__excerpt\">\n\t\t\t<p>Vi p\u00e5 Kraft Finans \u00e4r stolta \u00f6ver att st\u00e4rka v\u00e5r investering i Kraftfonderna med utn\u00e4mningen av Stein Svalestad som ny VD f\u00f6r fonderna. Svalestad \u00e4r ocks\u00e5 vice VD f\u00f6r Kraft Finans och inte minst portf\u00f6ljf\u00f6rvaltare f\u00f6r Forte Bondasjon. &#8211; Vi \u00e4r glada att ha Stein i teamet. Hans expertis och erfarenhet kommer<\/p>\n\t\t<\/div>\n\t\t\n\t\t<a class=\"elementor-post__read-more\" href=\"https:\/\/kraftfinans.no\/sv\/vi-starker-var-investering-i-kraftfonderna-stein-svalestad-ny-vd\/\" aria-label=\"L\u00e4s mer om Vi st\u00e4rker v\u00e5r investering i Kraftfonderna \u2013 Stein Svalestad ny VD\" tabindex=\"-1\" >\n\t\t\tL\u00c4S MER\t\t<\/a>\n\n\t\t\t\t<\/div>\n\t\t\t\t<\/article>\n\t\t\t\t<\/div>\n\t\t\n\t\t\t\t<div class=\"e-load-more-anchor\" data-page=\"1\" data-max-page=\"2\" data-next-page=\"https:\/\/kraftfinans.no\/sv\/wp-json\/wp\/v2\/pages\/59293\/page\/2\/\"><\/div>\n\t\t\t\t<nav class=\"elementor-pagination\" aria-label=\"Sidonumrering\">\n\t\t\t<span aria-current=\"page\" class=\"page-numbers current\"><span class=\"elementor-screen-only\">Sida<\/span>1<\/span>\n<a class=\"page-numbers\" href=\"https:\/\/kraftfinans.no\/sv\/wp-json\/wp\/v2\/pages\/59293\/page\/2\/\"><span class=\"elementor-screen-only\">Sida<\/span>2<\/a>\t\t<\/nav>\n\t\t\t\t\t\t<\/div>\n\t\t\t\t<\/div>\n\t\t\t\t\t<\/div>\n\t\t\t\t<\/div>\n\t\t\t\t<\/div>\n\t\t","protected":false},"excerpt":{"rendered":"<p>Hjem NYHETSARKIV<\/p>\n","protected":false},"author":1,"featured_media":0,"parent":0,"menu_order":0,"comment_status":"closed","ping_status":"closed","template":"","meta":{"_acf_changed":false,"content-type":"","footnotes":""},"class_list":["post-59293","page","type-page","status-publish","hentry"],"acf":[],"_links":{"self":[{"href":"https:\/\/kraftfinans.no\/sv\/wp-json\/wp\/v2\/pages\/59293","targetHints":{"allow":["GET"]}}],"collection":[{"href":"https:\/\/kraftfinans.no\/sv\/wp-json\/wp\/v2\/pages"}],"about":[{"href":"https:\/\/kraftfinans.no\/sv\/wp-json\/wp\/v2\/types\/page"}],"author":[{"embeddable":true,"href":"https:\/\/kraftfinans.no\/sv\/wp-json\/wp\/v2\/users\/1"}],"replies":[{"embeddable":true,"href":"https:\/\/kraftfinans.no\/sv\/wp-json\/wp\/v2\/comments?post=59293"}],"version-history":[{"count":1,"href":"https:\/\/kraftfinans.no\/sv\/wp-json\/wp\/v2\/pages\/59293\/revisions"}],"predecessor-version":[{"id":59304,"href":"https:\/\/kraftfinans.no\/sv\/wp-json\/wp\/v2\/pages\/59293\/revisions\/59304"}],"wp:attachment":[{"href":"https:\/\/kraftfinans.no\/sv\/wp-json\/wp\/v2\/media?parent=59293"}],"curies":[{"name":"wp","href":"https:\/\/api.w.org\/{rel}","templated":true}]}}