{"id":59373,"date":"2024-08-28T09:06:28","date_gmt":"2024-08-28T09:06:28","guid":{"rendered":"https:\/\/kraftfinans.no\/karriar\/"},"modified":"2026-02-23T09:08:04","modified_gmt":"2026-02-23T09:08:04","slug":"karriar","status":"publish","type":"page","link":"https:\/\/kraftfinans.no\/sv\/karriar\/","title":{"rendered":"Karri\u00e4r"},"content":{"rendered":"\t\t<div data-elementor-type=\"wp-page\" data-elementor-id=\"59373\" class=\"elementor elementor-59373 elementor-57062\" data-elementor-post-type=\"page\">\n\t\t\t\t<div class=\"elementor-element elementor-element-e49ac43 e-flex e-con-boxed e-con e-parent\" data-id=\"e49ac43\" data-element_type=\"container\" data-e-type=\"container\">\n\t\t\t\t\t<div class=\"e-con-inner\">\n\t\t\t\t<div data-dce-text-color=\"#c0b198\" class=\"elementor-element elementor-element-3102dce elementor-hidden-mobile elementor-widget elementor-widget-global elementor-global-59657 elementor-global-1710 elementor-widget-breadcrumbs\" data-id=\"3102dce\" data-element_type=\"widget\" data-e-type=\"widget\" data-widget_type=\"breadcrumbs.default\">\n\t\t\t\t<div class=\"elementor-widget-container\">\n\t\t\t\t\t<nav aria-label=\"breadcrumbs\" class=\"rank-math-breadcrumb\"><p><span class=\"last\">Hem<\/span><\/p><\/nav>\t\t\t\t<\/div>\n\t\t\t\t<\/div>\n\t\t\t\t<div class=\"elementor-element elementor-element-c683b44 elementor-widget elementor-widget-heading\" data-id=\"c683b44\" data-element_type=\"widget\" data-e-type=\"widget\" data-widget_type=\"heading.default\">\n\t\t\t\t<div class=\"elementor-widget-container\">\n\t\t\t\t\t<h1 class=\"elementor-heading-title elementor-size-default\">Karri\u00e4r<\/h1>\t\t\t\t<\/div>\n\t\t\t\t<\/div>\n\t\t\t\t\t<\/div>\n\t\t\t\t<\/div>\n\t\t<div class=\"elementor-element elementor-element-6020ab3 e-flex e-con-boxed e-con e-parent\" data-id=\"6020ab3\" data-element_type=\"container\" data-e-type=\"container\">\n\t\t\t\t\t<div class=\"e-con-inner\">\n\t\t\t\t<div class=\"elementor-element elementor-element-a58bc2c elementor-grid-2 elementor-grid-tablet-1 elementor-grid-mobile-1 elementor-widget elementor-widget-loop-grid\" data-id=\"a58bc2c\" data-element_type=\"widget\" data-e-type=\"widget\" data-settings=\"{&quot;template_id&quot;:59675,&quot;columns&quot;:2,&quot;row_gap&quot;:{&quot;unit&quot;:&quot;px&quot;,&quot;size&quot;:30,&quot;sizes&quot;:[]},&quot;columns_tablet&quot;:1,&quot;row_gap_tablet&quot;:{&quot;unit&quot;:&quot;px&quot;,&quot;size&quot;:0,&quot;sizes&quot;:[]},&quot;_skin&quot;:&quot;post&quot;,&quot;columns_mobile&quot;:&quot;1&quot;,&quot;edit_handle_selector&quot;:&quot;[data-elementor-type=\\&quot;loop-item\\&quot;]&quot;,&quot;row_gap_mobile&quot;:{&quot;unit&quot;:&quot;px&quot;,&quot;size&quot;:&quot;&quot;,&quot;sizes&quot;:[]}}\" data-widget_type=\"loop-grid.post\">\n\t\t\t\t<div class=\"elementor-widget-container\">\n\t\t\t\t\t\t\t<div class=\"elementor-loop-container elementor-grid\" role=\"list\">\n\t\t<style id=\"loop-59675\">.elementor-59675 .elementor-element.elementor-element-1f9c297{--display:flex;--flex-direction:row;--container-widget-width:initial;--container-widget-height:100%;--container-widget-flex-grow:1;--container-widget-align-self:stretch;--flex-wrap-mobile:wrap;--justify-content:space-between;--gap:80px 80px;--row-gap:80px;--column-gap:80px;--padding-top:0px;--padding-bottom:0px;--padding-left:0px;--padding-right:0px;}.elementor-widget-theme-post-title .elementor-heading-title{font-family:var( --e-global-typography-primary-font-family ), Sans-serif;font-size:var( --e-global-typography-primary-font-size );font-weight:var( --e-global-typography-primary-font-weight );color:var( --e-global-color-primary );}.elementor-59675 .elementor-element.elementor-element-d23f8a5 .elementor-heading-title{font-family:\"Verlag\", Sans-serif;font-size:28px;font-weight:300;line-height:1.3em;}.elementor-59675 .elementor-element.elementor-element-d23f8a5 > .elementor-widget-container{margin:0px 0px 10px 0px;padding:0px 0px 0px 0px;}.elementor-widget-icon.elementor-view-stacked .elementor-icon{background-color:var( --e-global-color-primary );}.elementor-widget-icon.elementor-view-framed .elementor-icon, .elementor-widget-icon.elementor-view-default .elementor-icon{color:var( --e-global-color-primary );border-color:var( --e-global-color-primary );}.elementor-widget-icon.elementor-view-framed .elementor-icon, .elementor-widget-icon.elementor-view-default .elementor-icon svg{fill:var( --e-global-color-primary );}.elementor-59675 .elementor-element.elementor-element-287eca7 .elementor-icon-wrapper{text-align:end;}.elementor-59675 .elementor-element.elementor-element-287eca7.elementor-view-stacked .elementor-icon{background-color:var( --e-global-color-67407c2 );}.elementor-59675 .elementor-element.elementor-element-287eca7.elementor-view-framed .elementor-icon, .elementor-59675 .elementor-element.elementor-element-287eca7.elementor-view-default .elementor-icon{color:var( --e-global-color-67407c2 );border-color:var( --e-global-color-67407c2 );}.elementor-59675 .elementor-element.elementor-element-287eca7.elementor-view-framed .elementor-icon, .elementor-59675 .elementor-element.elementor-element-287eca7.elementor-view-default .elementor-icon svg{fill:var( --e-global-color-67407c2 );}.elementor-59675 .elementor-element.elementor-element-287eca7.elementor-view-stacked .elementor-icon:hover{background-color:var( --e-global-color-primary );}.elementor-59675 .elementor-element.elementor-element-287eca7.elementor-view-framed .elementor-icon:hover, .elementor-59675 .elementor-element.elementor-element-287eca7.elementor-view-default .elementor-icon:hover{color:var( --e-global-color-primary );border-color:var( --e-global-color-primary );}.elementor-59675 .elementor-element.elementor-element-287eca7.elementor-view-framed .elementor-icon:hover, .elementor-59675 .elementor-element.elementor-element-287eca7.elementor-view-default .elementor-icon:hover svg{fill:var( --e-global-color-primary );}.elementor-59675 .elementor-element.elementor-element-287eca7 .elementor-icon{font-size:40px;}.elementor-59675 .elementor-element.elementor-element-287eca7 .elementor-icon svg{height:40px;}.elementor-59675 .elementor-element.elementor-element-287eca7 > .elementor-widget-container{margin:0px 0px 0px 0px;padding:0px 0px 0px 0px;}.elementor-59675 .elementor-element.elementor-element-9d06ba8{--display:flex;--margin-top:-10px;--margin-bottom:0px;--margin-left:0px;--margin-right:0px;--padding-top:0%;--padding-bottom:10%;--padding-left:0%;--padding-right:0%;}.elementor-widget-icon-list .elementor-icon-list-item:not(:last-child):after{border-color:var( --e-global-color-text );}.elementor-widget-icon-list .elementor-icon-list-icon i{color:var( --e-global-color-primary );}.elementor-widget-icon-list .elementor-icon-list-icon svg{fill:var( --e-global-color-primary );}.elementor-widget-icon-list .elementor-icon-list-item > .elementor-icon-list-text, .elementor-widget-icon-list .elementor-icon-list-item > a{font-family:var( --e-global-typography-text-font-family ), Sans-serif;font-size:var( --e-global-typography-text-font-size );font-weight:var( --e-global-typography-text-font-weight );letter-spacing:var( --e-global-typography-text-letter-spacing );}.elementor-widget-icon-list .elementor-icon-list-text{color:var( --e-global-color-secondary );}.elementor-59675 .elementor-element.elementor-element-5a0810f .elementor-icon-list-icon i{color:var( --e-global-color-67407c2 );transition:color 0.3s;}.elementor-59675 .elementor-element.elementor-element-5a0810f .elementor-icon-list-icon svg{fill:var( --e-global-color-67407c2 );transition:fill 0.3s;}.elementor-59675 .elementor-element.elementor-element-5a0810f{--e-icon-list-icon-size:14px;--icon-vertical-offset:0px;}.elementor-59675 .elementor-element.elementor-element-5a0810f .elementor-icon-list-item > .elementor-icon-list-text, .elementor-59675 .elementor-element.elementor-element-5a0810f .elementor-icon-list-item > a{font-family:\"Verlag\", Sans-serif;font-size:20px;font-weight:100;letter-spacing:0.5px;}.elementor-59675 .elementor-element.elementor-element-5a0810f .elementor-icon-list-text{color:var( --e-global-color-primary );transition:color 0.3s;}.elementor-59675 .elementor-element.elementor-element-5a0810f > .elementor-widget-container{padding:5px 0px 0px 0px;}@media(max-width:1024px){.elementor-widget-theme-post-title .elementor-heading-title{font-size:var( --e-global-typography-primary-font-size );}.elementor-59675 .elementor-element.elementor-element-d23f8a5 .elementor-heading-title{font-size:24px;}.elementor-widget-icon-list .elementor-icon-list-item > .elementor-icon-list-text, .elementor-widget-icon-list .elementor-icon-list-item > a{font-size:var( --e-global-typography-text-font-size );letter-spacing:var( --e-global-typography-text-letter-spacing );}}@media(max-width:767px){.elementor-59675 .elementor-element.elementor-element-1f9c297{--min-height:50px;--flex-direction:row;--container-widget-width:initial;--container-widget-height:100%;--container-widget-flex-grow:1;--container-widget-align-self:stretch;--flex-wrap-mobile:wrap;--justify-content:flex-start;--gap:0px 0px;--row-gap:0px;--column-gap:0px;--flex-wrap:nowrap;--margin-top:0px;--margin-bottom:0px;--margin-left:0px;--margin-right:0px;}.elementor-widget-theme-post-title .elementor-heading-title{font-size:var( --e-global-typography-primary-font-size );}.elementor-59675 .elementor-element.elementor-element-d23f8a5 .elementor-heading-title{font-size:20px;}.elementor-59675 .elementor-element.elementor-element-d23f8a5 > .elementor-widget-container{margin:0px 0px 10px 0px;padding:0px 0px 0px 0px;}.elementor-59675 .elementor-element.elementor-element-287eca7 > .elementor-widget-container{margin:0px 0px 0px 0px;padding:0px 0px 0px 0px;}.elementor-59675 .elementor-element.elementor-element-9d06ba8{--min-height:0px;--margin-top:0px;--margin-bottom:0px;--margin-left:0px;--margin-right:0px;--padding-top:0%;--padding-bottom:10%;--padding-left:0%;--padding-right:0%;}.elementor-widget-icon-list .elementor-icon-list-item > .elementor-icon-list-text, .elementor-widget-icon-list .elementor-icon-list-item > a{font-size:var( --e-global-typography-text-font-size );letter-spacing:var( --e-global-typography-text-letter-spacing );}.elementor-59675 .elementor-element.elementor-element-5a0810f .elementor-icon-list-item > .elementor-icon-list-text, .elementor-59675 .elementor-element.elementor-element-5a0810f .elementor-icon-list-item > a{font-size:18px;}.elementor-59675 .elementor-element.elementor-element-5a0810f > .elementor-widget-container{margin:0px 0px 0px 0px;padding:0px 0px 0px 0px;}}<\/style>\t\t<div data-elementor-type=\"loop-item\" data-elementor-id=\"59675\" class=\"elementor elementor-59675 elementor-56216 elementor-56216 e-loop-item e-loop-item-60847 post-60847 stilling type-stilling status-publish has-post-thumbnail hentry\" data-elementor-post-type=\"elementor_library\" data-custom-edit-handle=\"1\">\n\t\t\t<div class=\"elementor-element elementor-element-1f9c297 e-con-full e-flex e-con e-parent\" data-id=\"1f9c297\" data-element_type=\"container\" data-e-type=\"container\">\n\t\t\t\t<div class=\"elementor-element elementor-element-d23f8a5 elementor-widget elementor-widget-theme-post-title elementor-page-title elementor-widget-heading\" data-id=\"d23f8a5\" data-element_type=\"widget\" data-e-type=\"widget\" data-widget_type=\"theme-post-title.default\">\n\t\t\t\t<div class=\"elementor-widget-container\">\n\t\t\t\t\t<h3 class=\"elementor-heading-title elementor-size-default\"><a href=\"https:\/\/kraftfinans.no\/sv\/stilling\/head-of-institutional-sales\/\">\u00c4r du v\u00e5r nya Head of Institutional Sales i Stockholm?<\/a><\/h3>\t\t\t\t<\/div>\n\t\t\t\t<\/div>\n\t\t\t\t<div class=\"elementor-element elementor-element-287eca7 elementor-view-default elementor-widget elementor-widget-icon\" data-id=\"287eca7\" data-element_type=\"widget\" data-e-type=\"widget\" data-widget_type=\"icon.default\">\n\t\t\t\t<div class=\"elementor-widget-container\">\n\t\t\t\t\t\t\t<div class=\"elementor-icon-wrapper\">\n\t\t\t<a class=\"elementor-icon elementor-animation-wobble-horizontal\" href=\"https:\/\/kraftfinans.no\/sv\/stilling\/head-of-institutional-sales\/\">\n\t\t\t<svg xmlns=\"http:\/\/www.w3.org\/2000\/svg\" xmlns:xlink=\"http:\/\/www.w3.org\/1999\/xlink\" id=\"&#x421;&#x43B;&#x43E;&#x439;_1\" viewBox=\"0 0 32 32\" xml:space=\"preserve\">  <path clip-rule=\"evenodd\" d=\"M32,16.009c0-0.267-0.11-0.522-0.293-0.714  l-9.899-9.999c-0.391-0.395-1.024-0.394-1.414,0c-0.391,0.394-0.391,1.034,0,1.428l8.193,8.275H1c-0.552,0-1,0.452-1,1.01  s0.448,1.01,1,1.01h27.586l-8.192,8.275c-0.391,0.394-0.39,1.034,0,1.428c0.391,0.394,1.024,0.394,1.414,0l9.899-9.999  C31.894,16.534,31.997,16.274,32,16.009z\" fill=\"#121313\" fill-rule=\"evenodd\" id=\"Arrow_Forward\"><\/path>  <g><\/g>  <g><\/g>  <g><\/g>  <g><\/g>  <g><\/g>  <g><\/g><\/svg>\t\t\t<\/a>\n\t\t<\/div>\n\t\t\t\t\t\t<\/div>\n\t\t\t\t<\/div>\n\t\t\t\t<\/div>\n\t\t<div class=\"elementor-element elementor-element-9d06ba8 e-flex e-con-boxed e-con e-parent\" data-id=\"9d06ba8\" data-element_type=\"container\" data-e-type=\"container\">\n\t\t\t\t\t<div class=\"e-con-inner\">\n\t\t\t\t<div data-dce-text-color=\"#171919\" class=\"elementor-element elementor-element-5a0810f elementor-icon-list--layout-traditional elementor-list-item-link-full_width elementor-widget elementor-widget-icon-list\" data-id=\"5a0810f\" data-element_type=\"widget\" data-e-type=\"widget\" data-widget_type=\"icon-list.default\">\n\t\t\t\t<div class=\"elementor-widget-container\">\n\t\t\t\t\t\t\t<ul class=\"elementor-icon-list-items\">\n\t\t\t\t\t\t\t<li class=\"elementor-icon-list-item\">\n\t\t\t\t\t\t\t\t\t\t\t<span class=\"elementor-icon-list-icon\">\n\t\t\t\t\t\t\t<i aria-hidden=\"true\" class=\"fas fa-location-arrow\"><\/i>\t\t\t\t\t\t<\/span>\n\t\t\t\t\t\t\t\t\t\t<span class=\"elementor-icon-list-text\"><\/span>\n\t\t\t\t\t\t\t\t\t<\/li>\n\t\t\t\t\t\t<\/ul>\n\t\t\t\t\t\t<\/div>\n\t\t\t\t<\/div>\n\t\t\t\t\t<\/div>\n\t\t\t\t<\/div>\n\t\t\t\t<\/div>\n\t\t\t\t<div data-elementor-type=\"loop-item\" data-elementor-id=\"59675\" class=\"elementor elementor-59675 elementor-56216 elementor-56216 e-loop-item e-loop-item-60293 post-60293 stilling type-stilling status-publish has-post-thumbnail hentry\" data-elementor-post-type=\"elementor_library\" data-custom-edit-handle=\"1\">\n\t\t\t<div class=\"elementor-element elementor-element-1f9c297 e-con-full e-flex e-con e-parent\" data-id=\"1f9c297\" data-element_type=\"container\" data-e-type=\"container\">\n\t\t\t\t<div class=\"elementor-element elementor-element-d23f8a5 elementor-widget elementor-widget-theme-post-title elementor-page-title elementor-widget-heading\" data-id=\"d23f8a5\" data-element_type=\"widget\" data-e-type=\"widget\" data-widget_type=\"theme-post-title.default\">\n\t\t\t\t<div class=\"elementor-widget-container\">\n\t\t\t\t\t<h3 class=\"elementor-heading-title elementor-size-default\"><a href=\"https:\/\/kraftfinans.no\/sv\/stilling\/vi-soker-en-rantebarande-forvaltare\/\">Vi s\u00f6ker en r\u00e4nteb\u00e4rande f\u00f6rvaltare<\/a><\/h3>\t\t\t\t<\/div>\n\t\t\t\t<\/div>\n\t\t\t\t<div class=\"elementor-element elementor-element-287eca7 elementor-view-default elementor-widget elementor-widget-icon\" data-id=\"287eca7\" data-element_type=\"widget\" data-e-type=\"widget\" data-widget_type=\"icon.default\">\n\t\t\t\t<div class=\"elementor-widget-container\">\n\t\t\t\t\t\t\t<div class=\"elementor-icon-wrapper\">\n\t\t\t<a class=\"elementor-icon elementor-animation-wobble-horizontal\" href=\"https:\/\/kraftfinans.no\/sv\/stilling\/vi-soker-en-rantebarande-forvaltare\/\">\n\t\t\t<svg xmlns=\"http:\/\/www.w3.org\/2000\/svg\" xmlns:xlink=\"http:\/\/www.w3.org\/1999\/xlink\" id=\"&#x421;&#x43B;&#x43E;&#x439;_1\" viewBox=\"0 0 32 32\" xml:space=\"preserve\">  <path clip-rule=\"evenodd\" d=\"M32,16.009c0-0.267-0.11-0.522-0.293-0.714  l-9.899-9.999c-0.391-0.395-1.024-0.394-1.414,0c-0.391,0.394-0.391,1.034,0,1.428l8.193,8.275H1c-0.552,0-1,0.452-1,1.01  s0.448,1.01,1,1.01h27.586l-8.192,8.275c-0.391,0.394-0.39,1.034,0,1.428c0.391,0.394,1.024,0.394,1.414,0l9.899-9.999  C31.894,16.534,31.997,16.274,32,16.009z\" fill=\"#121313\" fill-rule=\"evenodd\" id=\"Arrow_Forward\"><\/path>  <g><\/g>  <g><\/g>  <g><\/g>  <g><\/g>  <g><\/g>  <g><\/g><\/svg>\t\t\t<\/a>\n\t\t<\/div>\n\t\t\t\t\t\t<\/div>\n\t\t\t\t<\/div>\n\t\t\t\t<\/div>\n\t\t<div class=\"elementor-element elementor-element-9d06ba8 e-flex e-con-boxed e-con e-parent\" data-id=\"9d06ba8\" data-element_type=\"container\" data-e-type=\"container\">\n\t\t\t\t\t<div class=\"e-con-inner\">\n\t\t\t\t<div data-dce-text-color=\"#171919\" class=\"elementor-element elementor-element-5a0810f elementor-icon-list--layout-traditional elementor-list-item-link-full_width elementor-widget elementor-widget-icon-list\" data-id=\"5a0810f\" data-element_type=\"widget\" data-e-type=\"widget\" data-widget_type=\"icon-list.default\">\n\t\t\t\t<div class=\"elementor-widget-container\">\n\t\t\t\t\t\t\t<ul class=\"elementor-icon-list-items\">\n\t\t\t\t\t\t\t<li class=\"elementor-icon-list-item\">\n\t\t\t\t\t\t\t\t\t\t\t<span class=\"elementor-icon-list-icon\">\n\t\t\t\t\t\t\t<i aria-hidden=\"true\" class=\"fas fa-location-arrow\"><\/i>\t\t\t\t\t\t<\/span>\n\t\t\t\t\t\t\t\t\t\t<span class=\"elementor-icon-list-text\"><\/span>\n\t\t\t\t\t\t\t\t\t<\/li>\n\t\t\t\t\t\t<\/ul>\n\t\t\t\t\t\t<\/div>\n\t\t\t\t<\/div>\n\t\t\t\t\t<\/div>\n\t\t\t\t<\/div>\n\t\t\t\t<\/div>\n\t\t\t\t<\/div>\n\t\t\n\t\t\t\t\t\t<\/div>\n\t\t\t\t<\/div>\n\t\t\t\t\t<\/div>\n\t\t\t\t<\/div>\n\t\t<div class=\"elementor-element elementor-element-fb30344 e-con-full e-flex e-con e-parent\" data-id=\"fb30344\" data-element_type=\"container\" data-e-type=\"container\" data-settings=\"{&quot;background_background&quot;:&quot;classic&quot;}\">\n\t\t<div class=\"elementor-element elementor-element-a480dc2 e-con-full e-flex e-con e-child\" data-id=\"a480dc2\" data-element_type=\"container\" data-e-type=\"container\">\n\t\t\t\t<div class=\"elementor-element elementor-element-414fcc3 elementor-widget elementor-widget-text-editor\" data-id=\"414fcc3\" data-element_type=\"widget\" data-e-type=\"widget\" data-widget_type=\"text-editor.default\">\n\t\t\t\t<div class=\"elementor-widget-container\">\n\t\t\t\t\t\t\t\t\t<p>Kraft Finans AS \u00e4r ett norskt investmentbolag som erbjuder f\u00f6rm\u00f6genhetsf\u00f6rvaltningstj\u00e4nster till privatpersoner, f\u00f6retag och stiftelser.<\/p>\t\t\t\t\t\t\t\t<\/div>\n\t\t\t\t<\/div>\n\t\t\t\t<\/div>\n\t\t<div class=\"elementor-element elementor-element-6eb5011 e-con-full e-flex e-con e-child\" data-id=\"6eb5011\" data-element_type=\"container\" data-e-type=\"container\">\n\t\t\t\t<div class=\"elementor-element elementor-element-c80c21c elementor-widget__width-initial dce_masking-none elementor-widget elementor-widget-image\" data-id=\"c80c21c\" data-element_type=\"widget\" data-e-type=\"widget\" data-settings=\"{&quot;motion_fx_motion_fx_scrolling&quot;:&quot;yes&quot;,&quot;motion_fx_translateY_effect&quot;:&quot;yes&quot;,&quot;motion_fx_translateY_direction&quot;:&quot;negative&quot;,&quot;motion_fx_translateY_speed&quot;:{&quot;unit&quot;:&quot;px&quot;,&quot;size&quot;:2,&quot;sizes&quot;:[]},&quot;motion_fx_translateY_affectedRange&quot;:{&quot;unit&quot;:&quot;%&quot;,&quot;size&quot;:&quot;&quot;,&quot;sizes&quot;:{&quot;start&quot;:0,&quot;end&quot;:100}},&quot;motion_fx_devices&quot;:[&quot;desktop&quot;,&quot;tablet&quot;,&quot;mobile&quot;]}\" data-widget_type=\"image.default\">\n\t\t\t\t<div class=\"elementor-widget-container\">\n\t\t\t\t\t\t\t\t\t\t\t\t\t\t\t<img fetchpriority=\"high\" decoding=\"async\" width=\"800\" height=\"599\" src=\"https:\/\/kraftfinans.no\/wp-content\/uploads\/2024\/10\/B0041314-1024x767.jpg\" class=\"attachment-large size-large wp-image-59340\" alt=\"Kraft Finans -\" srcset=\"https:\/\/kraftfinans.no\/wp-content\/uploads\/2024\/10\/B0041314-1024x767.jpg 1024w, https:\/\/kraftfinans.no\/wp-content\/uploads\/2024\/10\/B0041314-300x225.jpg 300w, https:\/\/kraftfinans.no\/wp-content\/uploads\/2024\/10\/B0041314-768x576.jpg 768w, https:\/\/kraftfinans.no\/wp-content\/uploads\/2024\/10\/B0041314-1536x1151.jpg 1536w, https:\/\/kraftfinans.no\/wp-content\/uploads\/2024\/10\/B0041314.jpg 1708w\" sizes=\"(max-width: 800px) 100vw, 800px\">\t\t\t\t\t\t\t\t\t\t\t\t\t\t\t<\/div>\n\t\t\t\t<\/div>\n\t\t\t\t<div class=\"elementor-element elementor-element-eadfc29 elementor-widget__width-initial dce_masking-none elementor-widget elementor-widget-image\" data-id=\"eadfc29\" data-element_type=\"widget\" data-e-type=\"widget\" data-settings=\"{&quot;motion_fx_motion_fx_scrolling&quot;:&quot;yes&quot;,&quot;motion_fx_translateY_effect&quot;:&quot;yes&quot;,&quot;motion_fx_translateY_speed&quot;:{&quot;unit&quot;:&quot;px&quot;,&quot;size&quot;:1.1,&quot;sizes&quot;:[]},&quot;motion_fx_range&quot;:&quot;viewport&quot;,&quot;motion_fx_translateY_affectedRange&quot;:{&quot;unit&quot;:&quot;%&quot;,&quot;size&quot;:&quot;&quot;,&quot;sizes&quot;:{&quot;start&quot;:0,&quot;end&quot;:100}},&quot;motion_fx_devices&quot;:[&quot;desktop&quot;,&quot;tablet&quot;,&quot;mobile&quot;]}\" data-widget_type=\"image.default\">\n\t\t\t\t<div class=\"elementor-widget-container\">\n\t\t\t\t\t\t\t\t\t\t\t\t\t\t\t<img decoding=\"async\" width=\"800\" height=\"599\" src=\"https:\/\/kraftfinans.no\/wp-content\/uploads\/2024\/10\/B0041318-1024x767.jpg\" class=\"attachment-large size-large wp-image-59342\" alt=\"Kraft Finans -\" srcset=\"https:\/\/kraftfinans.no\/wp-content\/uploads\/2024\/10\/B0041318-1024x767.jpg 1024w, https:\/\/kraftfinans.no\/wp-content\/uploads\/2024\/10\/B0041318-300x225.jpg 300w, https:\/\/kraftfinans.no\/wp-content\/uploads\/2024\/10\/B0041318-768x576.jpg 768w, https:\/\/kraftfinans.no\/wp-content\/uploads\/2024\/10\/B0041318-1536x1151.jpg 1536w, https:\/\/kraftfinans.no\/wp-content\/uploads\/2024\/10\/B0041318.jpg 1708w\" sizes=\"(max-width: 800px) 100vw, 800px\">\t\t\t\t\t\t\t\t\t\t\t\t\t\t\t<\/div>\n\t\t\t\t<\/div>\n\t\t\t\t<\/div>\n\t\t\t\t<\/div>\n\t\t\t\t<\/div>\n\t\t","protected":false},"excerpt":{"rendered":"<p>Hjem Kraft Finans AS \u00e4r ett norskt investmentbolag som erbjuder f\u00f6rm\u00f6genhetsf\u00f6rvaltningstj\u00e4nster till privatpersoner, f\u00f6retag och stiftelser.<\/p>\n","protected":false},"author":1,"featured_media":0,"parent":0,"menu_order":0,"comment_status":"closed","ping_status":"closed","template":"","meta":{"_acf_changed":false,"content-type":"","footnotes":""},"class_list":["post-59373","page","type-page","status-publish","hentry"],"acf":[],"_links":{"self":[{"href":"https:\/\/kraftfinans.no\/sv\/wp-json\/wp\/v2\/pages\/59373","targetHints":{"allow":["GET"]}}],"collection":[{"href":"https:\/\/kraftfinans.no\/sv\/wp-json\/wp\/v2\/pages"}],"about":[{"href":"https:\/\/kraftfinans.no\/sv\/wp-json\/wp\/v2\/types\/page"}],"author":[{"embeddable":true,"href":"https:\/\/kraftfinans.no\/sv\/wp-json\/wp\/v2\/users\/1"}],"replies":[{"embeddable":true,"href":"https:\/\/kraftfinans.no\/sv\/wp-json\/wp\/v2\/comments?post=59373"}],"version-history":[{"count":1,"href":"https:\/\/kraftfinans.no\/sv\/wp-json\/wp\/v2\/pages\/59373\/revisions"}],"predecessor-version":[{"id":59376,"href":"https:\/\/kraftfinans.no\/sv\/wp-json\/wp\/v2\/pages\/59373\/revisions\/59376"}],"wp:attachment":[{"href":"https:\/\/kraftfinans.no\/sv\/wp-json\/wp\/v2\/media?parent=59373"}],"curies":[{"name":"wp","href":"https:\/\/api.w.org\/{rel}","templated":true}]}}