{"id":59383,"date":"2025-01-13T20:53:11","date_gmt":"2025-01-13T20:53:11","guid":{"rendered":"https:\/\/kraftfinans.no\/inbjudan-till-investerarlunch\/"},"modified":"2025-11-11T11:54:00","modified_gmt":"2025-11-11T11:54:00","slug":"inbjudan-till-investerarlunch","status":"publish","type":"page","link":"https:\/\/kraftfinans.no\/sv\/inbjudan-till-investerarlunch\/","title":{"rendered":"Inbjudan till investerarlunch:"},"content":{"rendered":"\t\t<div data-elementor-type=\"wp-page\" data-elementor-id=\"59383\" class=\"elementor elementor-59383 elementor-58567\" data-elementor-post-type=\"page\">\n\t\t\t\t<div class=\"elementor-element elementor-element-74ddf6cf e-flex e-con-boxed e-con e-parent\" data-id=\"74ddf6cf\" data-element_type=\"container\" data-e-type=\"container\">\n\t\t\t\t\t<div class=\"e-con-inner\">\n\t\t\t\t<div class=\"elementor-element elementor-element-4bc609a2 elementor-widget elementor-widget-text-editor\" data-id=\"4bc609a2\" data-element_type=\"widget\" data-e-type=\"widget\" data-widget_type=\"text-editor.default\">\n\t\t\t\t<div class=\"elementor-widget-container\">\n\t\t\t\t\t\t\t\t\t<p class=\"has-text-align-center has-x-large-font-size\">KRAFT och FORTE g\u00e5r samman<\/p>\n<p><\/p>\n<figure class=\"wp-block-image size-large\"><img fetchpriority=\"high\" decoding=\"async\" width=\"1024\" height=\"683\" class=\"wp-image-58570\" src=\"https:\/\/kraftfinans.no\/wp-content\/uploads\/2025\/01\/TRD7_optimized-1024x683.jpg\" alt=\"Kraft Finans -\" srcset=\"https:\/\/kraftfinans.no\/wp-content\/uploads\/2025\/01\/TRD7_optimized-1024x683.jpg 1024w, https:\/\/kraftfinans.no\/wp-content\/uploads\/2025\/01\/TRD7_optimized-300x200.jpg 300w, https:\/\/kraftfinans.no\/wp-content\/uploads\/2025\/01\/TRD7_optimized-768x512.jpg 768w, https:\/\/kraftfinans.no\/wp-content\/uploads\/2025\/01\/TRD7_optimized-1536x1024.jpg 1536w, https:\/\/kraftfinans.no\/wp-content\/uploads\/2025\/01\/TRD7_optimized.jpg 1650w\" sizes=\"(max-width: 1024px) 100vw, 1024px\" \/><\/figure>\n<p><\/p>\n<p><strong>Vi p\u00e5 Kraft Finans och Forte Fonder vill bjuda in till en trevlig investerarlunch p\u00e5 Britannia Hotel.<\/strong><\/p>\n<p>Den 1 januari blev Kraft Finans nya \u00e4gare till Forte Fonder och vi vill nu uppm\u00e4rksamma att Kraft och Forte g\u00e5r samman. Vi kommer att st\u00e4rka v\u00e5r n\u00e4rvaro i Mellersta Norge och siktar p\u00e5 att bli ett av de mest attraktiva alternativen inom finans. &nbsp;<\/p>\n<p>Allt b\u00f6rjar den 10 februari p\u00e5 Britannia Hotel, d\u00e4r vi kommer att njuta av en uts\u00f6kt lunch tillsammans och samtidigt h\u00f6ra intressanta talare ber\u00e4tta sin historia. &nbsp;<\/p>\n<p><\/p>\n<p class=\"has-text-align-center\"><strong>Vi hoppas att du har m\u00f6jlighet att delta och ser fram emot en trevlig investerarlunch.<\/strong><\/p>\n<p><\/p>\n<p><\/p>\n<p class=\"has-text-align-center\">\n<\/p><p><\/p>\n<p class=\"has-text-align-center\"><a href=\"mailto:eskil.smith@kraftfinans.no\" target=\"_blank\" style=\"font-family: var( --e-global-typography-text-font-family ), Sans-serif; font-size: var( --e-global-typography-text-font-size ); font-weight: var( --e-global-typography-text-font-weight ); letter-spacing: var( --e-global-typography-text-letter-spacing ); text-align: var(--text-align); background-color: rgb(255, 255, 255);\">ANM\u00c4L DIG H\u00c4R<\/a><\/p><p class=\"has-text-align-center\"><span style=\"color: var( --e-global-color-text ); font-family: var( --e-global-typography-text-font-family ), Sans-serif; font-size: var( --e-global-typography-text-font-size ); font-weight: var( --e-global-typography-text-font-weight ); letter-spacing: var( --e-global-typography-text-letter-spacing );\">(Begr\u00e4nsat antal platser)<\/span><\/p>\n<p><\/p>\n<p><\/p>\n<p class=\"has-text-align-center\"><strong>PROGRAM:&nbsp;<\/strong><\/p>\n<p><\/p>\n<p><strong><em>11.00-11.30: <\/em><\/strong><em>Introduktion Bj\u00f8rn Maaseide och Mads Erik Berg (General Manager)<\/em><\/p>\n<p><\/p>\n<p><strong>11.30-12.00: <\/strong><em>Lunchbuff\u00e9<\/em><\/p>\n<p><strong>12.00-12.45: <\/strong><em>\u00d8ivind Thorstensen och Stein Frode Aaseng &#8211; Cheferna<\/em><\/p>\n<p><strong>12.45-13.45: <\/strong><em>Thomas Seltzer &#8211; UXA<\/em><\/p>\n<p><\/p>\n<p><em><strong>13.45-14.00: <\/strong><em>Sammanfattning av Mads Erik Berg<\/em><\/em><\/p>\n<p><\/p>\n<p><\/p>\n<h4 class=\"wp-block-heading has-text-align-center\">10 januari:&nbsp;<\/h4>\n<p><\/p>\n<h2 class=\"wp-block-heading has-text-align-center\">Britannia Hotel (Britannia Hall)<\/h2>\n<p><\/p>\n<p class=\"has-text-align-center\">Ing\u00e5ng p\u00e5 baksidan av hotellet<br><strong>Dronningensgate 5, Trondheim<\/strong><\/p>\n<p><\/p>\n<p class=\"has-text-align-center\"><a href=\"mailto:eskil.smith@kraftfinans.no\" data-type=\"link\" data-id=\"kan@kraftfinans.no\">ANM\u00c4L DIG H\u00c4R<\/a><\/p>\n<p><\/p>\n<p class=\"has-text-align-center\">(Begr\u00e4nsat antal platser)<\/p>\n<p><\/p>\t\t\t\t\t\t\t\t<\/div>\n\t\t\t\t<\/div>\n\t\t\t\t\t<\/div>\n\t\t\t\t<\/div>\n\t\t\t\t<\/div>\n\t\t","protected":false},"excerpt":{"rendered":"<p>KRAFT och FORTE g\u00e5r samman Vi p\u00e5 Kraft Finans och Forte Fonder vill bjuda in till en trevlig investerarlunch p\u00e5 Britannia Hotel. Den 1 januari blev Kraft Finans nya \u00e4gare till Forte Fonder och vi vill nu uppm\u00e4rksamma att Kraft och Forte g\u00e5r samman. Vi kommer att st\u00e4rka v\u00e5r n\u00e4rvaro i Mellersta Norge och siktar [&hellip;]<\/p>\n","protected":false},"author":3,"featured_media":59386,"parent":0,"menu_order":0,"comment_status":"closed","ping_status":"closed","template":"","meta":{"_acf_changed":false,"content-type":"","footnotes":""},"class_list":["post-59383","page","type-page","status-publish","has-post-thumbnail","hentry"],"acf":[],"_links":{"self":[{"href":"https:\/\/kraftfinans.no\/sv\/wp-json\/wp\/v2\/pages\/59383","targetHints":{"allow":["GET"]}}],"collection":[{"href":"https:\/\/kraftfinans.no\/sv\/wp-json\/wp\/v2\/pages"}],"about":[{"href":"https:\/\/kraftfinans.no\/sv\/wp-json\/wp\/v2\/types\/page"}],"author":[{"embeddable":true,"href":"https:\/\/kraftfinans.no\/sv\/wp-json\/wp\/v2\/users\/3"}],"replies":[{"embeddable":true,"href":"https:\/\/kraftfinans.no\/sv\/wp-json\/wp\/v2\/comments?post=59383"}],"version-history":[{"count":9,"href":"https:\/\/kraftfinans.no\/sv\/wp-json\/wp\/v2\/pages\/59383\/revisions"}],"predecessor-version":[{"id":59411,"href":"https:\/\/kraftfinans.no\/sv\/wp-json\/wp\/v2\/pages\/59383\/revisions\/59411"}],"wp:featuredmedia":[{"embeddable":true,"href":"https:\/\/kraftfinans.no\/sv\/wp-json\/wp\/v2\/media\/59386"}],"wp:attachment":[{"href":"https:\/\/kraftfinans.no\/sv\/wp-json\/wp\/v2\/media?parent=59383"}],"curies":[{"name":"wp","href":"https:\/\/api.w.org\/{rel}","templated":true}]}}